{"id":68,"date":"2023-11-24T13:52:58","date_gmt":"2023-11-24T12:52:58","guid":{"rendered":"http:\/\/paulus-gemeinde.com\/?page_id=68"},"modified":"2025-10-10T13:32:07","modified_gmt":"2025-10-10T11:32:07","slug":"hauskreise","status":"publish","type":"page","link":"https:\/\/paulus-gemeinde.com\/index.php\/hauskreise\/","title":{"rendered":"Hauskreise"},"content":{"rendered":"<div data-colibri-id=\"68-c1\" class=\"style-441 style-local-68-c1 position-relative\">\n  <!---->\n  <div data-colibri-component=\"section\" data-colibri-id=\"68-c2\" id=\"custom\" class=\"h-section h-section-global-spacing d-flex align-items-lg-center align-items-md-center align-items-center style-442 style-local-68-c2 position-relative\">\n    <!---->\n    <!---->\n    <div class=\"h-section-grid-container h-section-boxed-container\">\n      <!---->\n      <div data-colibri-id=\"68-c3\" class=\"h-row-container gutters-row-lg-2 gutters-row-md-2 gutters-row-0 gutters-row-v-lg-2 gutters-row-v-md-2 gutters-row-v-2 style-445 style-local-68-c3 position-relative\">\n        <!---->\n        <div class=\"h-row justify-content-lg-center justify-content-md-center justify-content-center align-items-lg-stretch align-items-md-stretch align-items-stretch gutters-col-lg-2 gutters-col-md-2 gutters-col-0 gutters-col-v-lg-2 gutters-col-v-md-2 gutters-col-v-2\">\n          <!---->\n          <div class=\"h-column h-column-container d-flex h-col-lg-auto h-col-md-auto h-col-auto style-446-outer style-local-68-c4-outer\">\n            <div data-colibri-id=\"68-c4\" class=\"d-flex h-flex-basis h-column__inner h-px-lg-2 h-px-md-2 h-px-2 v-inner-lg-2 v-inner-md-2 v-inner-2 style-446 style-local-68-c4 position-relative\">\n              <!---->\n              <!---->\n              <div class=\"w-100 h-y-container h-column__content h-column__v-align flex-basis-100 align-self-lg-start align-self-md-start align-self-start\">\n                <!---->\n                <div data-colibri-id=\"68-c5\" class=\"h-global-transition-all h-heading style-447 style-local-68-c5 position-relative h-element\">\n                  <!---->\n                  <div class=\"h-heading__outer style-447 style-local-68-c5\">\n                    <!---->\n                    <!---->\n                    <h1 class=\"\"><span style=\"font-family: Khand;\">Unsere Hauskreise<\/span><\/h1>\n                  <\/div>\n                <\/div>\n              <\/div>\n            <\/div>\n          <\/div>\n        <\/div>\n      <\/div>\n      <div data-colibri-id=\"68-c6\" class=\"h-row-container gutters-row-lg-2 gutters-row-md-2 gutters-row-0 gutters-row-v-lg-2 gutters-row-v-md-2 gutters-row-v-2 style-448 style-local-68-c6 position-relative\">\n        <!---->\n        <div class=\"h-row justify-content-lg-center justify-content-md-center justify-content-center align-items-lg-stretch align-items-md-stretch align-items-stretch gutters-col-lg-2 gutters-col-md-2 gutters-col-0 gutters-col-v-lg-2 gutters-col-v-md-2 gutters-col-v-2\">\n          <!---->\n          <div class=\"h-column h-column-container d-flex h-col-lg-auto h-col-md-auto h-col-auto style-449-outer style-local-68-c7-outer\">\n            <div data-colibri-id=\"68-c7\" class=\"d-flex h-flex-basis h-column__inner h-px-lg-2 h-px-md-2 h-px-2 v-inner-lg-2 v-inner-md-2 v-inner-2 style-449 style-local-68-c7 position-relative\">\n              <!---->\n              <!---->\n              <div class=\"w-100 h-y-container h-column__content h-column__v-align flex-basis-100 align-self-lg-start align-self-md-start align-self-start\">\n                <!---->\n                <div data-colibri-id=\"68-c8\" class=\"h-text h-text-component style-450 style-local-68-c8 position-relative h-element\">\n                  <!---->\n                  <!---->\n                  <div class=\"\">\n                    <p><span style=\"color: rgb(58, 70, 66); font-family: Poppins; font-size: 16px; font-weight: 300;\">Hauskreise sind ein Ort, an dem Gemeinschaft noch pers\u00f6nlicher und vertrauter werden kann. Besonders hier k\u00f6nnen Freundschaften entstehen, Gedanken und Erfahrungen ausgetauscht und Fragen, die einen besch\u00e4ftigen, besprochen werden. Die Hauskreise finden, wie der Name schon sagt, bei uns zu Hause statt.<\/span><\/p>\n                  <\/div>\n                <\/div>\n              <\/div>\n            <\/div>\n          <\/div>\n        <\/div>\n      <\/div>\n    <\/div>\n  <\/div>\n  <div data-colibri-component=\"section\" data-colibri-id=\"68-c9\" id=\"about\" class=\"h-section h-section-global-spacing d-flex align-items-lg-center align-items-md-center align-items-center style-452 style-local-68-c9 position-relative\">\n    <!---->\n    <!---->\n    <div class=\"h-section-grid-container h-section-boxed-container\">\n      <!---->\n      <div data-colibri-id=\"68-c10\" class=\"h-row-container gutters-row-lg-2 gutters-row-md-2 gutters-row-2 gutters-row-v-lg-2 gutters-row-v-md-2 gutters-row-v-2 style-453 style-local-68-c10 position-relative\">\n        <!---->\n        <div class=\"h-row justify-content-lg-center justify-content-md-center justify-content-center align-items-lg-stretch align-items-md-stretch align-items-stretch gutters-col-lg-2 gutters-col-md-2 gutters-col-2 gutters-col-v-lg-2 gutters-col-v-md-2 gutters-col-v-2\">\n          <!---->\n          <div class=\"h-column h-column-container d-flex h-col-lg-auto h-col-md-auto h-col-auto style-454-outer style-local-68-c11-outer\">\n            <div data-colibri-id=\"68-c11\" class=\"d-flex h-flex-basis h-column__inner h-px-lg-2 h-px-md-2 h-px-2 v-inner-lg-2 v-inner-md-2 v-inner-2 style-454 style-local-68-c11 position-relative\">\n              <!---->\n              <!---->\n              <div class=\"w-100 h-y-container h-column__content h-column__v-align flex-basis-100 align-self-lg-center align-self-md-center align-self-center\">\n                <!---->\n                <div data-colibri-id=\"68-c12\" class=\"h-global-transition-all h-heading style-456 style-local-68-c12 position-relative h-element\">\n                  <!---->\n                  <div class=\"h-heading__outer style-456 style-local-68-c12\">\n                    <!---->\n                    <!---->\n                    <h2 class=\"\"><span style=\"font-weight: 300; font-family: Khand;\">Frauenhauskreis<\/span><\/h2>\n                  <\/div>\n                <\/div>\n                <div data-colibri-id=\"68-c13\" class=\"h-text h-text-component style-457 style-local-68-c13 position-relative h-element\">\n                  <!---->\n                  <!---->\n                  <div class=\"\">\n                    <p><span style=\"color: rgb(0, 0, 0);\">Alle&nbsp;zwei Wochen treffen die Frauen sich, um gemeinsam eine Kleinigkeit zu essen und zu trinken, und \u00fcber &#8222;Gott und die Welt&#8220; zu reden. Auch hier wollen wir beten, in der Bibel lesen und \u00fcber das Gelesene ins Gespr\u00e4ch kommen. Dies soll ein Raum des Vertrauens sein, in dem wir miteinander teilen k\u00f6nnen, was uns besch\u00e4ftigt.<\/span><\/p>\n                    <p><span style=\"color: rgb(0, 0, 0);\">Bei Interesse melde dich bitte bei Viktoria Rieger (0175 8621252).<\/span><\/p>\n                  <\/div>\n                <\/div>\n              <\/div>\n            <\/div>\n          <\/div>\n          <div class=\"h-column h-column-container d-flex h-col-lg-auto h-col-md-auto h-col-auto style-460-outer style-local-68-c14-outer\">\n            <div data-colibri-id=\"68-c14\" class=\"d-flex h-flex-basis h-column__inner h-px-lg-2 h-px-md-2 h-px-2 v-inner-lg-2 v-inner-md-2 v-inner-2 style-460 style-local-68-c14 position-relative\">\n              <!---->\n              <!---->\n              <div class=\"w-100 h-y-container h-column__content h-column__v-align flex-basis-100 align-self-lg-center align-self-md-center align-self-center\">\n                <!---->\n                <div data-colibri-id=\"68-c15\" class=\"d-block style-461 style-local-68-c15 position-relative h-element\">\n                  <!---->\n                  <div class=\"h-image__frame-container-outer\">\n                    <div class=\"h-image__frame-container\">\n                      <!---->\n                      <!---->\n                      <img loading=\"lazy\" decoding=\"async\" width=\"596\" height=\"446\" src=\"http:\/\/paulus-gemeinde.com\/wp-content\/uploads\/2023\/11\/cropped-image.jpg\" class=\"wp-image-238 style-461-image style-local-68-c15-image\" alt=\"\" srcset=\"https:\/\/paulus-gemeinde.com\/wp-content\/uploads\/2023\/11\/cropped-image.jpg 596w, https:\/\/paulus-gemeinde.com\/wp-content\/uploads\/2023\/11\/cropped-image-300x224.jpg 300w\" sizes=\"auto, (max-width: 596px) 100vw, 596px\" \/>\n                      <div class=\"h-image__frame h-hide-sm style-461-frameImage style-local-68-c15-frameImage\"><\/div>\n                    <\/div>\n                  <\/div>\n                <\/div>\n              <\/div>\n            <\/div>\n          <\/div>\n        <\/div>\n      <\/div>\n    <\/div>\n  <\/div>\n  <div data-colibri-component=\"section\" data-colibri-id=\"68-c16\" id=\"content\" class=\"h-section h-section-global-spacing d-flex align-items-lg-center align-items-md-center align-items-center style-462 style-local-68-c16 position-relative\">\n    <!---->\n    <!---->\n    <div class=\"h-section-grid-container h-section-boxed-container\">\n      <!---->\n      <div data-colibri-id=\"68-c17\" class=\"h-row-container gutters-row-lg-2 gutters-row-md-2 gutters-row-2 gutters-row-v-lg-2 gutters-row-v-md-2 gutters-row-v-2 style-463 style-local-68-c17 position-relative\">\n        <!---->\n        <div class=\"h-row justify-content-lg-center justify-content-md-center justify-content-center align-items-lg-stretch align-items-md-stretch align-items-stretch gutters-col-lg-2 gutters-col-md-2 gutters-col-2 gutters-col-v-lg-2 gutters-col-v-md-2 gutters-col-v-2\">\n          <!---->\n          <div class=\"h-column h-column-container d-flex h-col-lg-auto h-col-md-auto h-col-auto style-464-outer style-local-68-c18-outer\">\n            <div data-colibri-id=\"68-c18\" class=\"d-flex h-flex-basis h-column__inner h-px-lg-0 h-px-md-2 h-px-0 v-inner-lg-0 v-inner-md-2 v-inner-0 style-464 style-local-68-c18 position-relative\">\n              <!---->\n              <!---->\n              <div class=\"w-100 h-y-container h-column__content h-column__v-align flex-basis-100 align-self-lg-center align-self-md-center align-self-center\">\n                <!---->\n                <div data-colibri-id=\"68-c19\" class=\"d-block style-465 style-local-68-c19 position-relative h-element\">\n                  <!---->\n                  <div class=\"h-image__frame-container-outer\">\n                    <div class=\"h-image__frame-container\">\n                      <!---->\n                      <!---->\n                      <img loading=\"lazy\" decoding=\"async\" width=\"917\" height=\"891\" src=\"http:\/\/paulus-gemeinde.com\/wp-content\/uploads\/2025\/10\/cropped-cropped-WhatsApp-Bild-2025-04-14-um-21.05.34_93ed0ea2.jpg\" class=\"wp-image-1929 style-465-image style-local-68-c19-image\" alt=\"\" srcset=\"https:\/\/paulus-gemeinde.com\/wp-content\/uploads\/2025\/10\/cropped-cropped-WhatsApp-Bild-2025-04-14-um-21.05.34_93ed0ea2.jpg 917w, https:\/\/paulus-gemeinde.com\/wp-content\/uploads\/2025\/10\/cropped-cropped-WhatsApp-Bild-2025-04-14-um-21.05.34_93ed0ea2-300x291.jpg 300w, https:\/\/paulus-gemeinde.com\/wp-content\/uploads\/2025\/10\/cropped-cropped-WhatsApp-Bild-2025-04-14-um-21.05.34_93ed0ea2-768x746.jpg 768w\" sizes=\"auto, (max-width: 917px) 100vw, 917px\" \/>\n                      <div class=\"h-image__frame h-hide-sm style-465-frameImage style-local-68-c19-frameImage\"><\/div>\n                    <\/div>\n                  <\/div>\n                <\/div>\n              <\/div>\n            <\/div>\n          <\/div>\n          <div class=\"h-column h-column-container d-flex h-col-lg-auto h-col-md-auto h-col-auto style-466-outer style-local-68-c20-outer\">\n            <div data-colibri-id=\"68-c20\" class=\"d-flex h-flex-basis h-column__inner h-px-lg-0 h-px-md-0 h-px-2 v-inner-lg-0 v-inner-md-0 v-inner-2 style-466 style-local-68-c20 position-relative\">\n              <!---->\n              <!---->\n              <div class=\"w-100 h-y-container h-column__content h-column__v-align flex-basis-100 align-self-lg-center align-self-md-center align-self-center\">\n                <!---->\n                <div data-colibri-id=\"68-c21\" class=\"h-global-transition-all h-heading style-467 style-local-68-c21 position-relative h-element\">\n                  <!---->\n                  <div class=\"h-heading__outer style-467 style-local-68-c21\">\n                    <!---->\n                    <!---->\n                    <h3 class=\"\"><span style=\"font-family: Khand; font-weight: 300;\">M\u00e4nnerhauskreis<\/span><\/h3>\n                  <\/div>\n                <\/div>\n                <div data-colibri-id=\"68-c22\" class=\"h-text h-text-component style-468 style-local-68-c22 position-relative h-element\">\n                  <!---->\n                  <!---->\n                  <div class=\"\">\n                    <p><span style=\"color: rgb(0, 0, 0);\">Alle zwei Wochen treffen sich die M\u00e4nner der Gemeinde zum Hauskreis bei jemandem und kommen miteinander \u00fcber die Bibel ins Gespr\u00e4ch. Eine Frage, die immer wieder zum Thema wird ist, wie es uns gelingen kann, unseren Glauben ganz praktisch im Alltag zu leben.<\/span><\/p>\n                    <p><span style=\"color: rgb(0, 0, 0);\">Bei Interesse melde dich bitte bei&nbsp;Markus Rieger (0171 6890732).<\/span><\/p>\n                  <\/div>\n                <\/div>\n              <\/div>\n            <\/div>\n          <\/div>\n        <\/div>\n      <\/div>\n    <\/div>\n  <\/div>\n<\/div>","protected":false},"excerpt":{"rendered":"<p>Unsere Hauskreise Hauskreise sind ein Ort, an dem Gemeinschaft noch pers\u00f6nlicher und vertrauter werden kann. Besonders hier k\u00f6nnen Freundschaften entstehen, Gedanken und Erfahrungen ausgetauscht und Fragen, die einen besch\u00e4ftigen, besprochen werden. Die Hauskreise finden, wie der Name schon sagt, bei uns zu Hause statt. Frauenhauskreis Alle&nbsp;zwei Wochen treffen die Frauen sich, um gemeinsam eine Kleinigkeit [&hellip;]<\/p>\n","protected":false},"author":1,"featured_media":0,"parent":0,"menu_order":0,"comment_status":"closed","ping_status":"closed","template":"page-templates\/full-width-page.php","meta":{"footnotes":""},"class_list":["post-68","page","type-page","status-publish","hentry"],"_links":{"self":[{"href":"https:\/\/paulus-gemeinde.com\/index.php\/wp-json\/wp\/v2\/pages\/68","targetHints":{"allow":["GET"]}}],"collection":[{"href":"https:\/\/paulus-gemeinde.com\/index.php\/wp-json\/wp\/v2\/pages"}],"about":[{"href":"https:\/\/paulus-gemeinde.com\/index.php\/wp-json\/wp\/v2\/types\/page"}],"author":[{"embeddable":true,"href":"https:\/\/paulus-gemeinde.com\/index.php\/wp-json\/wp\/v2\/users\/1"}],"replies":[{"embeddable":true,"href":"https:\/\/paulus-gemeinde.com\/index.php\/wp-json\/wp\/v2\/comments?post=68"}],"version-history":[{"count":9,"href":"https:\/\/paulus-gemeinde.com\/index.php\/wp-json\/wp\/v2\/pages\/68\/revisions"}],"predecessor-version":[{"id":1931,"href":"https:\/\/paulus-gemeinde.com\/index.php\/wp-json\/wp\/v2\/pages\/68\/revisions\/1931"}],"wp:attachment":[{"href":"https:\/\/paulus-gemeinde.com\/index.php\/wp-json\/wp\/v2\/media?parent=68"}],"curies":[{"name":"wp","href":"https:\/\/api.w.org\/{rel}","templated":true}]}}